{"id":1076,"date":"2022-09-08T08:51:52","date_gmt":"2022-09-08T12:51:52","guid":{"rendered":"https:\/\/edfoimmigration.com\/frais-et-depenses\/"},"modified":"2022-09-10T12:46:06","modified_gmt":"2022-09-10T16:46:06","slug":"frais-et-depenses","status":"publish","type":"page","link":"https:\/\/edfoimmigration.com\/fr\/frais-et-depenses\/","title":{"rendered":"Frais et Honoraires"},"content":{"rendered":"<style>.elementor-1076 .elementor-element.elementor-element-7ab65193 > .elementor-container{max-width:1290px;}.elementor-1076 .elementor-element.elementor-element-7ab65193:not(.elementor-motion-effects-element-type-background), .elementor-1076 .elementor-element.elementor-element-7ab65193 > .elementor-motion-effects-container > .elementor-motion-effects-layer{background-image:url(\"https:\/\/edfoimmigration.com\/wp-content\/uploads\/2022\/09\/our-prices-pricing-and-tariff-conditions.jpg\");background-position:center center;background-repeat:no-repeat;background-size:cover;}.elementor-1076 .elementor-element.elementor-element-7ab65193 > .elementor-background-overlay{background-color:#29313C;opacity:0.6;transition:background 0.3s, border-radius 0.3s, opacity 0.3s;}.elementor-1076 .elementor-element.elementor-element-7ab65193{transition:background 0.3s, border 0.3s, border-radius 0.3s, box-shadow 0.3s;margin-top:-100px;margin-bottom:0px;padding:10% 0% 5% 0%;}.elementor-1076 .elementor-element.elementor-element-4365010c.elementor-column > .elementor-widget-wrap{justify-content:center;}.elementor-1076 .elementor-element.elementor-element-672bae75{text-align:center;}.elementor-1076 .elementor-element.elementor-element-672bae75 .elementor-heading-title{font-family:var( --e-global-typography-b77dc6e-font-family ), Sans-serif;font-size:var( --e-global-typography-b77dc6e-font-size );font-weight:var( --e-global-typography-b77dc6e-font-weight );line-height:var( --e-global-typography-b77dc6e-line-height );letter-spacing:var( --e-global-typography-b77dc6e-letter-spacing );word-spacing:var( --e-global-typography-b77dc6e-word-spacing );color:#FFFFFF;}.elementor-1076 .elementor-element.elementor-element-5f3df49a .jeg-elementor-kit.jkit-button{text-align:center;}.elementor-1076 .elementor-element.elementor-element-5f3df49a .jeg-elementor-kit.jkit-button .jkit-button-wrapper{padding:0px 0px 0px 0px;font-family:var( --e-global-typography-d15127a-font-family ), Sans-serif;font-size:var( --e-global-typography-d15127a-font-size );font-weight:var( --e-global-typography-d15127a-font-weight );line-height:var( --e-global-typography-d15127a-line-height );letter-spacing:var( --e-global-typography-d15127a-letter-spacing );word-spacing:var( --e-global-typography-d15127a-word-spacing );color:#FFFFFF;background-color:#02010100;}.elementor-1076 .elementor-element.elementor-element-5f3df49a .jeg-elementor-kit.jkit-button .jkit-button-wrapper svg{fill:#FFFFFF;width:15px;}.elementor-1076 .elementor-element.elementor-element-5f3df49a .jeg-elementor-kit.jkit-button .jkit-button-wrapper i{font-size:15px;}.elementor-1076 .elementor-element.elementor-element-5f3df49a .jeg-elementor-kit.jkit-button.icon-position-before .jkit-button-wrapper i, .elementor-1076 .elementor-element.elementor-element-5f3df49a .jeg-elementor-kit.jkit-button.icon-position-before .jkit-button-wrapper svg{margin-right:10px;}.elementor-1076 .elementor-element.elementor-element-5f3df49a .jeg-elementor-kit.jkit-button.icon-position-after .jkit-button-wrapper i, .elementor-1076 .elementor-element.elementor-element-5f3df49a .jeg-elementor-kit.jkit-button.icon-position-after .jkit-button-wrapper svg{margin-left:10px;}.elementor-1076 .elementor-element.elementor-element-5f3df49a > .elementor-widget-container{margin:0px 10px 0px 0px;}.elementor-1076 .elementor-element.elementor-element-5f3df49a{width:auto;max-width:auto;}.elementor-1076 .elementor-element.elementor-element-15b67787 .elementor-heading-title{font-family:var( --e-global-typography-d15127a-font-family ), Sans-serif;font-size:var( --e-global-typography-d15127a-font-size );font-weight:var( --e-global-typography-d15127a-font-weight );line-height:var( --e-global-typography-d15127a-line-height );letter-spacing:var( --e-global-typography-d15127a-letter-spacing );word-spacing:var( --e-global-typography-d15127a-word-spacing );color:#FFFFFF;}.elementor-1076 .elementor-element.elementor-element-15b67787 > .elementor-widget-container{margin:1px 0px 0px 0px;}.elementor-1076 .elementor-element.elementor-element-15b67787{width:auto;max-width:auto;align-self:center;}.elementor-1076 .elementor-element.elementor-element-3141b7d3 > .elementor-container{max-width:1290px;}.elementor-1076 .elementor-element.elementor-element-3141b7d3{padding:100px 0px 100px 0px;}.elementor-1076 .elementor-element.elementor-element-672dd983 .jeg-elementor-kit.jkit-heading{text-align:center;}.elementor-1076 .elementor-element.elementor-element-672dd983 .jeg-elementor-kit.jkit-heading .heading-title{font-family:var( --e-global-typography-secondary-font-family ), Sans-serif;font-size:var( --e-global-typography-secondary-font-size );font-weight:var( --e-global-typography-secondary-font-weight );line-height:var( --e-global-typography-secondary-line-height );color:#2F2F2F;}.elementor-1076 .elementor-element.elementor-element-672dd983 .jeg-elementor-kit.jkit-heading .heading-section-title{margin:0% 15% 0% 15%;}.elementor-1076 .elementor-element.elementor-element-672dd983 .jeg-elementor-kit.jkit-heading .heading-title > span{color:#2F2F2F;font-family:var( --e-global-typography-3975046-font-family ), Sans-serif;font-size:var( --e-global-typography-3975046-font-size );font-weight:var( --e-global-typography-3975046-font-weight );line-height:var( --e-global-typography-3975046-line-height );letter-spacing:var( --e-global-typography-3975046-letter-spacing );word-spacing:var( --e-global-typography-3975046-word-spacing );padding:0px 0px 0px 0px;}.elementor-1076 .elementor-element.elementor-element-1347d35{font-family:\"Open Sans\", Sans-serif;font-size:15px;font-weight:400;}@media(max-width:1024px) and (min-width:768px){.elementor-1076 .elementor-element.elementor-element-4365010c{width:100%;}}@media(max-width:1024px){.elementor-1076 .elementor-element.elementor-element-7ab65193:not(.elementor-motion-effects-element-type-background), .elementor-1076 .elementor-element.elementor-element-7ab65193 > .elementor-motion-effects-container > .elementor-motion-effects-layer{background-position:75% 0%;}.elementor-1076 .elementor-element.elementor-element-7ab65193{margin-top:-90px;margin-bottom:0px;padding:20% 0% 11% 0%;}.elementor-1076 .elementor-element.elementor-element-4365010c > .elementor-element-populated{margin:0px 10px 0px 10px;--e-column-margin-right:10px;--e-column-margin-left:10px;}.elementor-1076 .elementor-element.elementor-element-672bae75 .elementor-heading-title{font-size:var( --e-global-typography-b77dc6e-font-size );line-height:var( --e-global-typography-b77dc6e-line-height );letter-spacing:var( --e-global-typography-b77dc6e-letter-spacing );word-spacing:var( --e-global-typography-b77dc6e-word-spacing );}.elementor-1076 .elementor-element.elementor-element-5f3df49a .jeg-elementor-kit.jkit-button .jkit-button-wrapper{font-size:var( --e-global-typography-d15127a-font-size );line-height:var( --e-global-typography-d15127a-line-height );letter-spacing:var( --e-global-typography-d15127a-letter-spacing );word-spacing:var( --e-global-typography-d15127a-word-spacing );}.elementor-1076 .elementor-element.elementor-element-5f3df49a .jeg-elementor-kit.jkit-button.icon-position-before .jkit-button-wrapper i, .elementor-1076 .elementor-element.elementor-element-5f3df49a .jeg-elementor-kit.jkit-button.icon-position-before .jkit-button-wrapper svg{margin-right:10px;}.elementor-1076 .elementor-element.elementor-element-5f3df49a .jeg-elementor-kit.jkit-button.icon-position-after .jkit-button-wrapper i, .elementor-1076 .elementor-element.elementor-element-5f3df49a .jeg-elementor-kit.jkit-button.icon-position-after .jkit-button-wrapper svg{margin-left:10px;}.elementor-1076 .elementor-element.elementor-element-15b67787 .elementor-heading-title{font-size:var( --e-global-typography-d15127a-font-size );line-height:var( --e-global-typography-d15127a-line-height );letter-spacing:var( --e-global-typography-d15127a-letter-spacing );word-spacing:var( --e-global-typography-d15127a-word-spacing );}.elementor-1076 .elementor-element.elementor-element-15b67787 > .elementor-widget-container{margin:2px 0px 0px 0px;}.elementor-1076 .elementor-element.elementor-element-3141b7d3{padding:80px 0px 80px 0px;}.elementor-1076 .elementor-element.elementor-element-207293 > .elementor-element-populated{margin:0px 10px 0px 10px;--e-column-margin-right:10px;--e-column-margin-left:10px;}.elementor-1076 .elementor-element.elementor-element-672dd983 .jeg-elementor-kit.jkit-heading .heading-title{font-size:var( --e-global-typography-secondary-font-size );line-height:var( --e-global-typography-secondary-line-height );}.elementor-1076 .elementor-element.elementor-element-672dd983 .jeg-elementor-kit.jkit-heading .heading-title > span{font-size:var( --e-global-typography-3975046-font-size );line-height:var( --e-global-typography-3975046-line-height );letter-spacing:var( --e-global-typography-3975046-letter-spacing );word-spacing:var( --e-global-typography-3975046-word-spacing );}.elementor-1076 .elementor-element.elementor-element-1347d35{font-size:14px;}}@media(max-width:767px){.elementor-1076 .elementor-element.elementor-element-7ab65193:not(.elementor-motion-effects-element-type-background), .elementor-1076 .elementor-element.elementor-element-7ab65193 > .elementor-motion-effects-container > .elementor-motion-effects-layer{background-position:center center;}.elementor-1076 .elementor-element.elementor-element-7ab65193{margin-top:-80px;margin-bottom:0px;padding:38% 0% 20% 0%;}.elementor-1076 .elementor-element.elementor-element-4365010c > .elementor-element-populated{margin:0px 5px 0px 5px;--e-column-margin-right:5px;--e-column-margin-left:5px;}.elementor-1076 .elementor-element.elementor-element-672bae75 .elementor-heading-title{font-size:var( --e-global-typography-b77dc6e-font-size );line-height:var( --e-global-typography-b77dc6e-line-height );letter-spacing:var( --e-global-typography-b77dc6e-letter-spacing );word-spacing:var( --e-global-typography-b77dc6e-word-spacing );}.elementor-1076 .elementor-element.elementor-element-5f3df49a .jeg-elementor-kit.jkit-button .jkit-button-wrapper{font-size:var( --e-global-typography-d15127a-font-size );line-height:var( --e-global-typography-d15127a-line-height );letter-spacing:var( --e-global-typography-d15127a-letter-spacing );word-spacing:var( --e-global-typography-d15127a-word-spacing );}.elementor-1076 .elementor-element.elementor-element-5f3df49a .jeg-elementor-kit.jkit-button.icon-position-before .jkit-button-wrapper i, .elementor-1076 .elementor-element.elementor-element-5f3df49a .jeg-elementor-kit.jkit-button.icon-position-before .jkit-button-wrapper svg{margin-right:10px;}.elementor-1076 .elementor-element.elementor-element-5f3df49a .jeg-elementor-kit.jkit-button.icon-position-after .jkit-button-wrapper i, .elementor-1076 .elementor-element.elementor-element-5f3df49a .jeg-elementor-kit.jkit-button.icon-position-after .jkit-button-wrapper svg{margin-left:10px;}.elementor-1076 .elementor-element.elementor-element-15b67787 .elementor-heading-title{font-size:var( --e-global-typography-d15127a-font-size );line-height:var( --e-global-typography-d15127a-line-height );letter-spacing:var( --e-global-typography-d15127a-letter-spacing );word-spacing:var( --e-global-typography-d15127a-word-spacing );}.elementor-1076 .elementor-element.elementor-element-15b67787 > .elementor-widget-container{margin:0px 0px 0px 0px;}.elementor-1076 .elementor-element.elementor-element-3141b7d3{padding:50px 0px 50px 0px;}.elementor-1076 .elementor-element.elementor-element-207293 > .elementor-element-populated{margin:0px 5px 0px 5px;--e-column-margin-right:5px;--e-column-margin-left:5px;}.elementor-1076 .elementor-element.elementor-element-672dd983 .jeg-elementor-kit.jkit-heading .heading-title{font-size:var( --e-global-typography-secondary-font-size );line-height:var( --e-global-typography-secondary-line-height );}.elementor-1076 .elementor-element.elementor-element-672dd983 .jeg-elementor-kit.jkit-heading .heading-section-title{margin:0px 0px 0px 0px;}.elementor-1076 .elementor-element.elementor-element-672dd983 .jeg-elementor-kit.jkit-heading .heading-title > span{font-size:var( --e-global-typography-3975046-font-size );line-height:var( --e-global-typography-3975046-line-height );letter-spacing:var( --e-global-typography-3975046-letter-spacing );word-spacing:var( --e-global-typography-3975046-word-spacing );}.elementor-1076 .elementor-element.elementor-element-1347d35{font-size:13px;}}<\/style>\t\t<div data-elementor-type=\"wp-page\" data-elementor-id=\"1076\" class=\"elementor elementor-1076 elementor-810\" data-elementor-post-type=\"page\">\n\t\t\t\t\t\t<section class=\"elementor-section elementor-top-section elementor-element elementor-element-7ab65193 elementor-section-boxed elementor-section-height-default elementor-section-height-default\" data-id=\"7ab65193\" data-element_type=\"section\" data-e-type=\"section\" data-settings=\"{&quot;background_background&quot;:&quot;classic&quot;}\">\n\t\t\t\t\t\t\t<div class=\"elementor-background-overlay\"><\/div>\n\t\t\t\t\t\t\t<div class=\"elementor-container elementor-column-gap-default\">\n\t\t\t\t\t<div class=\"elementor-column elementor-col-100 elementor-top-column elementor-element elementor-element-4365010c\" data-id=\"4365010c\" data-element_type=\"column\" data-e-type=\"column\">\n\t\t\t<div class=\"elementor-widget-wrap elementor-element-populated\">\n\t\t\t\t\t\t<div class=\"elementor-element elementor-element-672bae75 elementor-widget elementor-widget-heading\" data-id=\"672bae75\" data-element_type=\"widget\" data-e-type=\"widget\" data-widget_type=\"heading.default\">\n\t\t\t\t<div class=\"elementor-widget-container\">\n\t\t\t\t\t<h2 class=\"elementor-heading-title elementor-size-default\">Frais et Honoraires<\/h2>\t\t\t\t<\/div>\n\t\t\t\t<\/div>\n\t\t\t\t<div class=\"elementor-element elementor-element-5f3df49a elementor-widget__width-auto elementor-widget elementor-widget-jkit_button\" data-id=\"5f3df49a\" data-element_type=\"widget\" data-e-type=\"widget\" data-widget_type=\"jkit_button.default\">\n\t\t\t\t<div class=\"elementor-widget-container\">\n\t\t\t\t\t<div  class=\"jeg-elementor-kit jkit-button  icon-position-after jeg_module___69fecd009d7b5\" ><a href=\"\" class=\"jkit-button-wrapper\">Home<i aria-hidden=\"true\" class=\"fas fa-chevron-right\"><\/i><\/a><\/div>\t\t\t\t<\/div>\n\t\t\t\t<\/div>\n\t\t\t\t<div class=\"elementor-element elementor-element-15b67787 elementor-widget__width-auto elementor-widget elementor-widget-heading\" data-id=\"15b67787\" data-element_type=\"widget\" data-e-type=\"widget\" data-widget_type=\"heading.default\">\n\t\t\t\t<div class=\"elementor-widget-container\">\n\t\t\t\t\t<h2 class=\"elementor-heading-title elementor-size-default\">Frais et Honoraires<\/h2>\t\t\t\t<\/div>\n\t\t\t\t<\/div>\n\t\t\t\t\t<\/div>\n\t\t<\/div>\n\t\t\t\t\t<\/div>\n\t\t<\/section>\n\t\t\t\t<section class=\"elementor-section elementor-top-section elementor-element elementor-element-3141b7d3 elementor-section-boxed elementor-section-height-default elementor-section-height-default\" data-id=\"3141b7d3\" data-element_type=\"section\" data-e-type=\"section\">\n\t\t\t\t\t\t<div class=\"elementor-container elementor-column-gap-default\">\n\t\t\t\t\t<div class=\"elementor-column elementor-col-100 elementor-top-column elementor-element elementor-element-207293\" data-id=\"207293\" data-element_type=\"column\" data-e-type=\"column\">\n\t\t\t<div class=\"elementor-widget-wrap elementor-element-populated\">\n\t\t\t\t\t\t<div class=\"elementor-element elementor-element-672dd983 elementor-widget elementor-widget-jkit_heading\" data-id=\"672dd983\" data-element_type=\"widget\" data-e-type=\"widget\" data-widget_type=\"jkit_heading.default\">\n\t\t\t\t<div class=\"elementor-widget-container\">\n\t\t\t\t\t<div  class=\"jeg-elementor-kit jkit-heading  align-center align-tablet- align-mobile- jeg_module__1_69fecd009f368\" ><div class=\"heading-section-title  display-inline-block\"><h2 class=\"heading-title\">Clarity and <span class=\"style-color\"><span>Transparency<\/span><\/span><\/h2><\/div><\/div>\t\t\t\t<\/div>\n\t\t\t\t<\/div>\n\t\t\t\t<div class=\"elementor-element elementor-element-1347d35 elementor-widget elementor-widget-text-editor\" data-id=\"1347d35\" data-element_type=\"widget\" data-e-type=\"widget\" data-widget_type=\"text-editor.default\">\n\t\t\t\t<div class=\"elementor-widget-container\">\n\t\t\t\t\t\t\t\t\t<table width=\"870\"><tbody><tr><td style=\"text-align: center;\" width=\"290\"><strong>Num\u00e9ro de service<\/strong><\/td><td style=\"text-align: center;\" width=\"290\"><strong>Type de Service<\/strong><\/td><td style=\"text-align: center;\" width=\"290\"><strong>Description<\/strong><\/td><\/tr><tr><td width=\"290\">Service 1<\/td><td width=\"290\">Consultation<\/td><td width=\"290\">Consulation initiale<\/td><\/tr><tr><td style=\"text-align: center;\" colspan=\"3\" width=\"870\"><strong>Visa visiteur<\/strong><\/td><\/tr><tr><td width=\"290\">Service 2<\/td><td width=\"290\">VRT<\/td><td width=\"290\">Visa visiteur (Demandeur principal)<\/td><\/tr><tr><td width=\"290\">Service 3<\/td><td width=\"290\">VRT<\/td><td width=\"290\">Visa visiteur (Personne \u00e0 charge)<\/td><\/tr><tr><td width=\"290\">Service 4<\/td><td width=\"290\">VRT<\/td><td width=\"290\">Visiteur d&rsquo;affaires<\/td><\/tr><tr><td width=\"290\">Service 5<\/td><td width=\"290\">VRT<\/td><td width=\"290\">Visa visiteur (Super Visa)<\/td><\/tr><tr><td style=\"text-align: center;\" colspan=\"3\" width=\"870\"><strong>Permis de travail<\/strong><\/td><\/tr><tr><td width=\"290\">Service 6<\/td><td width=\"290\">Permis de travail<\/td><td width=\"290\">EIMT (avec offre d&#8217;emploi)<\/td><\/tr><tr><td width=\"290\">Service 7<\/td><td width=\"290\">Permis de travail<\/td><td width=\"290\">Exempt\u00e9 d&rsquo;EIMT<\/td><\/tr><tr><td width=\"290\">Service 8<\/td><td width=\"290\">Permis de travail<\/td><td width=\"290\">Exemption d&rsquo;EIMT &#8211; Consulat<\/td><\/tr><tr><td width=\"290\">Service 9<\/td><td width=\"290\">Permis de travail<\/td><td width=\"290\">Prorogation du permis<\/td><\/tr><tr><td width=\"290\">Service 10<\/td><td width=\"290\">Permis de travail<\/td><td width=\"290\">Demande apr\u00e8s refus &#8211; (Exempt\u00e9 d&rsquo;EIMT)<\/td><\/tr><tr><td width=\"290\">\u00a0<\/td><td width=\"290\">EIMT &#8211; Volet Des Talents Mondiaux (VDM)<\/td><td width=\"290\">Demande initiale<\/td><\/tr><tr><td width=\"290\">\u00a0<\/td><td width=\"290\">EIMT<\/td><td width=\"290\">Premier &#8211; simplifier<\/td><\/tr><tr><td width=\"290\">\u00a0<\/td><td width=\"290\">EIMT<\/td><td width=\"290\">Si plusieurs demandes<\/td><\/tr><tr><td width=\"290\">\u00a0<\/td><td width=\"290\">EIMT<\/td><td width=\"290\">avec plan de transition<\/td><\/tr><tr><td width=\"290\">\u00a0<\/td><td width=\"290\">EIMT + CAQ<\/td><td width=\"290\">Incluant CAQ<\/td><\/tr><tr><td width=\"290\">\u00a0<\/td><td width=\"290\">CAQ<\/td><td width=\"290\">Chaque CAQ additionnel<\/td><\/tr><tr><td width=\"290\">\u00a0<\/td><td width=\"290\">EIMT<\/td><td width=\"290\">EIMT + CAQ + Permis de travail<\/td><\/tr><tr><td style=\"text-align: center;\" colspan=\"3\" width=\"870\"><strong>Permis d&rsquo;\u00e9tudes<\/strong><\/td><\/tr><tr><td width=\"290\">Service 11<\/td><td width=\"290\">Permis d&rsquo;\u00e9tudes<\/td><td width=\"290\">Demande initial<\/td><\/tr><tr><td width=\"290\">\u00a0<\/td><td width=\"290\">Permis d&rsquo;\u00e9tudes avec refus ant\u00e9rieurs<\/td><td width=\"290\">Demande complexe<\/td><\/tr><tr><td width=\"290\">Service 12<\/td><td width=\"290\">Permis d&rsquo;\u00e9tudes<\/td><td width=\"290\">Demande de personne \u00e0 charge<\/td><\/tr><tr><td width=\"290\">Service 13<\/td><td width=\"290\">Permis d&rsquo;\u00e9tudes<\/td><td width=\"290\">Demande de restauration de statut<\/td><\/tr><tr><td width=\"290\">Service 14<\/td><td width=\"290\">Permis d&rsquo;\u00e9tudes<\/td><td width=\"290\">Prorogation du permis<\/td><\/tr><tr><td style=\"text-align: center;\" colspan=\"3\" width=\"870\"><strong>Permis de s\u00e9jour temporaire<\/strong><\/td><\/tr><tr><td width=\"290\">Service 15<\/td><td width=\"290\">Permis de r\u00e9sidence<\/td><td width=\"290\">Permis de s\u00e9jour temporaire (PST)<\/td><\/tr><tr><td width=\"290\">Service 16<\/td><td width=\"290\">Permis de r\u00e9sidence<\/td><td width=\"290\">Demande post-refus<\/td><\/tr><tr><td style=\"text-align: center;\" colspan=\"3\" width=\"870\"><strong>Parrainage<\/strong><\/td><\/tr><tr><td width=\"290\">Service 17<\/td><td width=\"290\">Parrainage<\/td><td width=\"290\">Conjoint<\/td><\/tr><tr><td width=\"290\">Service 18<\/td><td width=\"290\">Parrainage<\/td><td width=\"290\">Personne \u00e0 charge 18-21 ans<\/td><\/tr><tr><td width=\"290\">Service 19<\/td><td width=\"290\">Parrainage<\/td><td width=\"290\">Parrainage parents<\/td><\/tr><tr><td width=\"290\">Service 20<\/td><td width=\"290\">Parrainage<\/td><td width=\"290\">Appel<\/td><\/tr><tr><td style=\"text-align: center;\" colspan=\"3\" width=\"870\"><strong>R\u00e9sidence permanente<\/strong><\/td><\/tr><tr><td width=\"290\">Service 21<\/td><td width=\"290\">R\u00e9sident permanent<\/td><td width=\"290\">Application initiale<\/td><\/tr><tr><td width=\"290\">Service 22<\/td><td width=\"290\">R\u00e9sident permanent<\/td><td width=\"290\">Cat\u00e9gorie f\u00e9d\u00e9rale des travailleurs qualifi\u00e9s<\/td><\/tr><tr><td width=\"290\">Service 23<\/td><td width=\"290\">Permis de r\u00e9sidence<\/td><td width=\"290\">Demande de travailleur qualifi\u00e9 &#8211; PCP<\/td><\/tr><tr><td width=\"290\">Service 24<\/td><td width=\"290\">Entr\u00e9e Express<\/td><td width=\"290\">Cr\u00e9ation du profil d&rsquo;entr\u00e9e express<\/td><\/tr><tr><td width=\"290\">Service 25<\/td><td width=\"290\">Soumission AEE<\/td><td width=\"290\">Soumission demande de RP &#8211; Post EE<\/td><\/tr><tr><td width=\"290\">\u00a0<\/td><td width=\"290\">\u00a0<\/td><td width=\"290\">Volet talents mondiaux<\/td><\/tr><tr><td width=\"290\">Service 26<\/td><td width=\"290\">R\u00e9sident permanent<\/td><td width=\"290\">Carte de renouvellement<\/td><\/tr><tr><td width=\"290\">Service 27<\/td><td width=\"290\">RP &#8211; Consid\u00e9rations humanitaires<\/td><td width=\"290\">Application initiale<\/td><\/tr><tr><td width=\"290\">Service 28<\/td><td width=\"290\">R\u00e9fugi\u00e9s<\/td><td width=\"290\">Application et audience<\/td><\/tr><tr><td width=\"290\">Service 29<\/td><td width=\"290\">Audience<\/td><td width=\"290\">Audition d&rsquo;admisibilit\u00e9<\/td><\/tr><tr><td width=\"290\">Service 30<\/td><td width=\"290\">r\u00e9habilitation criminelle<\/td><td width=\"290\">R\u00e9habilitation criminelle<\/td><\/tr><tr><td width=\"290\">Service 31<\/td><td width=\"290\">Examen de l&rsquo;admissibilit\u00e9<\/td><td width=\"290\">Examen d&rsquo;admissibilit\u00e9<\/td><\/tr><tr><td width=\"290\">Service 32<\/td><td width=\"290\">Irrecevabilit\u00e9 m\u00e9dicale<\/td><td width=\"290\">Irrecevabilit\u00e9 m\u00e9dicale<\/td><\/tr><tr><td width=\"290\">Service 33<\/td><td width=\"290\">\u00c9valuation<\/td><td width=\"290\">\u00c9valuation des risques avant renvoi<\/td><\/tr><tr><td width=\"290\">Service 34<\/td><td width=\"290\">\u00c9valuation<\/td><td width=\"290\">\u00c9valuation d&rsquo;impact sur le march\u00e9 du travail<\/td><\/tr><tr><td style=\"text-align: center;\" colspan=\"3\" width=\"870\"><strong>Citoyennet\u00e9<\/strong><\/td><\/tr><tr><td width=\"290\">Service 35<\/td><td width=\"290\">Citoyennet\u00e9<\/td><td width=\"290\">Demande de citoyennet\u00e9 canadienne<\/td><\/tr><tr><td width=\"290\">Service 36<\/td><td width=\"290\">Citoyennet\u00e9<\/td><td width=\"290\">Examen d&rsquo;admissibilit\u00e9 \u00e0 la citoyennet\u00e9<\/td><\/tr><\/tbody><\/table>\t\t\t\t\t\t\t\t<\/div>\n\t\t\t\t<\/div>\n\t\t\t\t\t<\/div>\n\t\t<\/div>\n\t\t\t\t\t<\/div>\n\t\t<\/section>\n\t\t\t\t<\/div>\n\t\t","protected":false},"excerpt":{"rendered":"<p>Frais et Honoraires Home Frais et Honoraires Clarity and Transparency Num\u00e9ro de service Type de Service Description Service 1 Consultation Consulation initiale Visa visiteur Service 2 VRT Visa visiteur (Demandeur principal) Service 3 VRT Visa visiteur (Personne \u00e0 charge) Service 4 VRT Visiteur d&rsquo;affaires Service 5 VRT Visa visiteur (Super Visa) Permis de travail Service [&hellip;]<\/p>\n","protected":false},"author":1,"featured_media":1031,"parent":0,"menu_order":0,"comment_status":"closed","ping_status":"closed","template":"elementor_header_footer","meta":{"footnotes":""},"class_list":["post-1076","page","type-page","status-publish","has-post-thumbnail","hentry"],"_links":{"self":[{"href":"https:\/\/edfoimmigration.com\/fr\/wp-json\/wp\/v2\/pages\/1076","targetHints":{"allow":["GET"]}}],"collection":[{"href":"https:\/\/edfoimmigration.com\/fr\/wp-json\/wp\/v2\/pages"}],"about":[{"href":"https:\/\/edfoimmigration.com\/fr\/wp-json\/wp\/v2\/types\/page"}],"author":[{"embeddable":true,"href":"https:\/\/edfoimmigration.com\/fr\/wp-json\/wp\/v2\/users\/1"}],"replies":[{"embeddable":true,"href":"https:\/\/edfoimmigration.com\/fr\/wp-json\/wp\/v2\/comments?post=1076"}],"version-history":[{"count":6,"href":"https:\/\/edfoimmigration.com\/fr\/wp-json\/wp\/v2\/pages\/1076\/revisions"}],"predecessor-version":[{"id":1278,"href":"https:\/\/edfoimmigration.com\/fr\/wp-json\/wp\/v2\/pages\/1076\/revisions\/1278"}],"wp:featuredmedia":[{"embeddable":true,"href":"https:\/\/edfoimmigration.com\/fr\/wp-json\/wp\/v2\/media\/1031"}],"wp:attachment":[{"href":"https:\/\/edfoimmigration.com\/fr\/wp-json\/wp\/v2\/media?parent=1076"}],"curies":[{"name":"wp","href":"https:\/\/api.w.org\/{rel}","templated":true}]}}